{"id":3949,"date":"2017-07-29T05:22:14","date_gmt":"2017-07-29T05:22:14","guid":{"rendered":"https:\/\/pofo.themezaa.com\/?page_id=3949"},"modified":"2021-05-15T10:13:13","modified_gmt":"2021-05-15T08:13:13","slug":"home-portfolio-parallax","status":"publish","type":"page","link":"https:\/\/eneky.fr\/","title":{"rendered":"Home Page"},"content":{"rendered":"<section data-vc-full-width=\"true\" data-vc-full-width-init=\"false\" data-vc-stretch-content=\"true\" data-stellar-background-ratio=\"0.3\" class=\"vc_row wpb_row vc_row-fluid  vc_custom_1620923740060 wow none vc_row-has-fill pofo-stretch-content vc_row-no-padding vc_row-o-full-height vc_row-o-columns-middle vc_row-o-content-bottom vc_row-flex parallax pofo-row-responsive-6a045896d9d09\" style=\"min-height: 700px;\"><div class=\"bg-extra-dark-gray bg-overlay\" style=\"opacity:0.7; background-color:#000000; \"><\/div><div class=\"wpb_column vc_column_container vc_col-sm-12  col-xs-mobile-fullwidth pofo-column-responsive-6a045896d9e08\"><div class=\"vc_column-inner vc_custom_1507010129365\"><div class=\"wpb_wrapper\">[vc_single_image image=\u00a0\u00bb23056&Prime; img_size=\u00a0\u00bblarge\u00a0\u00bb alignment=\u00a0\u00bbcenter\u00a0\u00bb css_animation=\u00a0\u00bbfadeIn\u00a0\u00bb css=\u00a0\u00bb.vc_custom_1620460516414{padding-top: 15% !important;padding-right: 70px !important;padding-bottom: 10% !important;}\u00a0\u00bb]<\/div><\/div><\/div><\/section><div class=\"vc_row-full-width vc_clearfix\"><\/div><section data-vc-full-width=\"true\" data-vc-full-width-init=\"false\" data-vc-stretch-content=\"true\" data-stellar-background-ratio=\"0.5\" class=\"vc_row wpb_row vc_row-fluid  vc_custom_1621066135632 vc_row-has-fill pofo-stretch-content vc_row-no-padding vc_row-o-content-top vc_row-flex parallax pofo-row-responsive-6a045896d9ee6\" style=\"min-height: 700px;\"><div class=\"wpb_column vc_column_container vc_col-sm-12  col-xs-mobile-fullwidth pofo-column-responsive-6a045896d9fd0\"><div class=\"vc_column-inner vc_custom_1507010129365\"><div class=\"wpb_wrapper\"><div class=\" vc_custom_1621066305802 last-paragraph-no-margin\"><\/div><div class=\"last-paragraph-no-margin\"><p><a class=\"text-extra-large alt-font text-extra-dark-gray bg-white parallax-title no-margin-bottom\" href=\"https:\/\/eneky.fr\/index.php\/2021\/04\/24\/osezleslow\/\">Osez le slow en entreprise !<\/a><\/p>\n<\/div><a  href=\"http:\/\/eneky.fr\/index.php\/2021\/04\/24\/osezleslow\/\" target=\"_blank\" class=\"btn pofo-button-1 button-style1  btn-dark-gray  btn-very-small   vc_custom_1619940671472\"  style=\"border-color:#000000; \">D\u00e9couvrir le livre<\/a><\/div><\/div><\/div><\/section><div class=\"vc_row-full-width vc_clearfix\"><\/div><section data-vc-full-width=\"true\" data-vc-full-width-init=\"false\" data-vc-stretch-content=\"true\" data-stellar-background-ratio=\"0.5\" class=\"vc_row wpb_row vc_row-fluid  vc_custom_1621066347236 vc_row-has-fill pofo-stretch-content vc_row-no-padding vc_row-o-content-top vc_row-flex parallax pofo-row-responsive-6a045896da1ad\" style=\"min-height: 700px;\"><div class=\"wpb_column vc_column_container vc_col-sm-12  col-xs-mobile-fullwidth pofo-column-responsive-6a045896da25a\"><div class=\"vc_column-inner vc_custom_1507010129365\"><div class=\"wpb_wrapper\"><div class=\" vc_custom_1621066305802 last-paragraph-no-margin\"><\/div><div class=\"last-paragraph-no-margin\"><p><a class=\"text-extra-large alt-font text-extra-dark-gray bg-white parallax-title no-margin-bottom\" href=\"https:\/\/eneky.fr\/index.php\/outils-2\">Slow Design Toolkit<\/a><\/p>\n<\/div><a  href=\"http:\/\/eneky.fr\/index.php\/outils-2\" target=\"_blank\" class=\"btn pofo-button-2 button-style1  btn-dark-gray  btn-very-small   vc_custom_1619938812103\"  style=\"border-color:#000000; \">D\u00e9couvrir les outils du slow design<\/a><\/div><\/div><\/div><\/section><div class=\"vc_row-full-width vc_clearfix\"><\/div><section data-vc-full-width=\"true\" data-vc-full-width-init=\"false\" data-vc-stretch-content=\"true\" data-stellar-background-ratio=\"0.5\" class=\"vc_row wpb_row vc_row-fluid  vc_custom_1621066338295 vc_row-has-fill pofo-stretch-content vc_row-no-padding vc_row-o-content-top vc_row-flex parallax pofo-row-responsive-6a045896da3c0\" style=\"min-height: 700px;\"><div class=\"wpb_column vc_column_container vc_col-sm-12  col-xs-mobile-fullwidth pofo-column-responsive-6a045896da468\"><div class=\"vc_column-inner vc_custom_1619591806557\"><div class=\"wpb_wrapper\"><div class=\" vc_custom_1621066305802 last-paragraph-no-margin\"><\/div><div class=\"last-paragraph-no-margin\"><p><a class=\"text-extra-large alt-font text-extra-dark-gray bg-white parallax-title no-margin-bottom\" href=\"https:\/\/eneky.fr\/index.php\/2021\/05\/10\/la-creativite-le-livre\/\">La cr\u00e9ativit\u00e9 expliqu\u00e9e aux enfants<\/a><\/p>\n<\/div><a  href=\"http:\/\/eneky.fr\/index.php\/2021\/05\/10\/la-creativite-le-livre\/\" target=\"_blank\" class=\"btn pofo-button-3 button-style1  btn-dark-gray  btn-very-small   vc_custom_1620638166285\"  style=\"border-color:#000000; \">D\u00e9couvrir le livre<\/a><\/div><\/div><\/div><\/section><div class=\"vc_row-full-width vc_clearfix\"><\/div>\n","protected":false},"excerpt":{"rendered":"[vc_single_image image=\"23056\" img_size=\"large\" alignment=\"center\" css_animation=\"fadeIn\" css=\".vc_custom_1620460516414{padding-top: 15% !important;padding-right: 70px !important;padding-bottom: 10% !important;}\"]Osez le slow en entreprise ! D\u00e9couvrir le livreSlow Design Toolkit D\u00e9couvrir les outils du slow designLa cr\u00e9ativit\u00e9 expliqu\u00e9e aux enfants D\u00e9couvrir le livre","protected":false},"author":1,"featured_media":0,"parent":0,"menu_order":0,"comment_status":"closed","ping_status":"closed","template":"","meta":[],"_links":{"self":[{"href":"https:\/\/eneky.fr\/index.php\/wp-json\/wp\/v2\/pages\/3949"}],"collection":[{"href":"https:\/\/eneky.fr\/index.php\/wp-json\/wp\/v2\/pages"}],"about":[{"href":"https:\/\/eneky.fr\/index.php\/wp-json\/wp\/v2\/types\/page"}],"author":[{"embeddable":true,"href":"https:\/\/eneky.fr\/index.php\/wp-json\/wp\/v2\/users\/1"}],"replies":[{"embeddable":true,"href":"https:\/\/eneky.fr\/index.php\/wp-json\/wp\/v2\/comments?post=3949"}],"version-history":[{"count":150,"href":"https:\/\/eneky.fr\/index.php\/wp-json\/wp\/v2\/pages\/3949\/revisions"}],"predecessor-version":[{"id":23265,"href":"https:\/\/eneky.fr\/index.php\/wp-json\/wp\/v2\/pages\/3949\/revisions\/23265"}],"wp:attachment":[{"href":"https:\/\/eneky.fr\/index.php\/wp-json\/wp\/v2\/media?parent=3949"}],"curies":[{"name":"wp","href":"https:\/\/api.w.org\/{rel}","templated":true}]}}