{"id":22660,"date":"2021-04-24T11:55:42","date_gmt":"2021-04-24T09:55:42","guid":{"rendered":"http:\/\/eneky.fr\/?page_id=22660"},"modified":"2021-05-14T17:46:14","modified_gmt":"2021-05-14T15:46:14","slug":"livres","status":"publish","type":"page","link":"https:\/\/eneky.fr\/index.php\/livres\/","title":{"rendered":"04-Livres"},"content":{"rendered":"<section data-vc-full-width=\"true\" data-vc-full-width-init=\"false\" class=\"vc_row wpb_row vc_row-fluid big-section vc_custom_1619257256363 wow fadeIn vc_row-has-fill pofo-stretch-content pofo-stretch-row-container pofo-row-responsive-69e8ce7c537fb\"><div class=\"wpb_column vc_column_container vc_col-md-2 vc_hidden-sm col-xs-mobile-fullwidth\"><div class=\"vc_column-inner \"><div class=\"wpb_wrapper\"><\/div><\/div><\/div><div class=\"wpb_column vc_column_container vc_col-has-fill vc_col-sm-12 vc_col-md-8 vc_col-xs-12 text-center\"><div class=\"vc_column-inner vc_custom_1619256864427\"><div class=\"wpb_wrapper\"><h2 class=\"text-extra-dark-gray margin-20px-bottom font-weight-600 display-inline-block alt-font heading-style2  vc_custom_1619258125328  heading-1\"  style=\"letter-spacing: -1px; font-weight: 700;\">LIVRES<\/h2><div class=\" vc_custom_1621006758348 last-paragraph-no-margin pofo-text-block-responsive-69e8ce7c539ed\" style=\"width: 100%;\"><p>Nous avons contribu\u00e9 \u00e0 l&rsquo;\u00e9criture de plusieurs ouvrages,<br \/>\nqui nous l&rsquo;esp\u00e9rons feront \u00e9voluer les pratiques et les savoir-faire.<br \/>\nPartager la connaissance est toujours une bonne chose alors bonne lecture !<\/p>\n<\/div><\/div><\/div><\/div><div class=\"wpb_column vc_column_container vc_col-md-2 vc_hidden-sm col-xs-mobile-fullwidth\"><div class=\"vc_column-inner \"><div class=\"wpb_wrapper\"><\/div><\/div><\/div><\/section><div class=\"vc_row-full-width vc_clearfix\"><\/div><section class=\"vc_row wpb_row vc_row-fluid  vc_custom_1619257081750\"><div class=\"wpb_column vc_column_container vc_col-sm-2  col-xs-mobile-fullwidth\"><div class=\"vc_column-inner \"><div class=\"wpb_wrapper\"><\/div><\/div><\/div><div class=\"wpb_column vc_column_container vc_col-sm-8  col-xs-mobile-fullwidth\"><div class=\"vc_column-inner \"><div class=\"wpb_wrapper\"><div class=\"pofo-blog-list infinite-scroll-pagination\"><div class=\" blog-single-post post-22861 post type-post status-publish format-standard has-post-thumbnail hentry category-livres\"><div class=\"blog-post blog-post-content margin-60px-bottom padding-60px-bottom border-bottom sm-no-border-bottom border-color-extra-light-gray sm-margin-30px-bottom sm-padding-30px-bottom xs-text-center pull-left width-100 blog-style3-1 wow fadeIn\"><div class=\"blog-image col-md-5 no-padding sm-margin-30px-bottom xs-margin-20px-bottom margin-30px-right sm-no-margin-right sm-width-100\"><a href=\"https:\/\/eneky.fr\/index.php\/2021\/04\/24\/osezleslow\/\"><img width=\"768\" height=\"740\" src=\"https:\/\/eneky.fr\/wp-content\/uploads\/2021\/04\/OsezLeSlow-MockUp-resized-768x740.png\" class=\"attachment-medium_large size-medium_large wp-post-image\" alt=\"\" loading=\"lazy\" title=\"\" srcset=\"https:\/\/eneky.fr\/wp-content\/uploads\/2021\/04\/OsezLeSlow-MockUp-resized-768x740.png 768w, https:\/\/eneky.fr\/wp-content\/uploads\/2021\/04\/OsezLeSlow-MockUp-resized-300x289.png 300w, https:\/\/eneky.fr\/wp-content\/uploads\/2021\/04\/OsezLeSlow-MockUp-resized.png 1024w, https:\/\/eneky.fr\/wp-content\/uploads\/2021\/04\/OsezLeSlow-MockUp-resized-800x771.png 800w, https:\/\/eneky.fr\/wp-content\/uploads\/2021\/04\/OsezLeSlow-MockUp-resized-120x116.png 120w, https:\/\/eneky.fr\/wp-content\/uploads\/2021\/04\/OsezLeSlow-MockUp-resized-81x78.png 81w\" sizes=\"(max-width: 768px) 100vw, 768px\" \/><\/a><\/div><div class=\"blog-text col-md-6 display-table no-padding sm-width-100\"><div class=\"display-table-cell vertical-align-middle\"><div class=\"content sm-no-padding-left \"><a class=\"text-extra-dark-gray margin-5px-bottom alt-font text-extra-large font-weight-600 display-inline-block entry-title\" href=\"https:\/\/eneky.fr\/index.php\/2021\/04\/24\/osezleslow\/\">Osez le Slow en entreprise<\/a><div class=\"no-margin entry-content\">[vc_single_image image=\"22971\" img_size=\"large\" css_animation=\"fadeInLeft\"] DESIGN + MARKETING Ce qu'il faut savoir pour engager le Slow. Plus que jamais, il est temps de r\u00e9fl\u00e9chir au sens\u00a0de nos actions. Il est temps de mettre le \u00ab slow \u00bb au coeur\u00a0de la strat\u00e9gie de chaque entreprise. D\u00e9couvrez l'ouvrage co-\u00e9crit avec Heidi Vincent et...<\/div><a href=\"https:\/\/eneky.fr\/index.php\/2021\/04\/24\/osezleslow\/\" class=\"btn btn-dark-gray margin-15px-top sm-margin-15px-top white-space-normal btn-very-small\">En savoir plus<\/a><\/div><\/div><\/div><\/div><\/div><div class=\" blog-single-post post-23146 post type-post status-publish format-standard has-post-thumbnail hentry category-livres\"><div class=\"blog-post blog-post-content margin-60px-bottom padding-60px-bottom border-bottom sm-no-border-bottom border-color-extra-light-gray sm-margin-30px-bottom sm-padding-30px-bottom xs-text-center pull-left width-100 blog-style3-2 wow fadeIn\"><div class=\"blog-image col-md-5 no-padding sm-margin-30px-bottom xs-margin-20px-bottom margin-30px-right sm-no-margin-right sm-width-100\"><a href=\"https:\/\/eneky.fr\/index.php\/2021\/01\/10\/la-creativite-le-livre\/\"><img width=\"768\" height=\"740\" src=\"https:\/\/eneky.fr\/wp-content\/uploads\/2021\/05\/Horizontal_Book_Mockup_CREATIVITE_1-copie-768x740.png\" class=\"attachment-medium_large size-medium_large wp-post-image\" alt=\"\" loading=\"lazy\" title=\"\" srcset=\"https:\/\/eneky.fr\/wp-content\/uploads\/2021\/05\/Horizontal_Book_Mockup_CREATIVITE_1-copie-768x740.png 768w, https:\/\/eneky.fr\/wp-content\/uploads\/2021\/05\/Horizontal_Book_Mockup_CREATIVITE_1-copie-300x289.png 300w, https:\/\/eneky.fr\/wp-content\/uploads\/2021\/05\/Horizontal_Book_Mockup_CREATIVITE_1-copie.png 1024w, https:\/\/eneky.fr\/wp-content\/uploads\/2021\/05\/Horizontal_Book_Mockup_CREATIVITE_1-copie-800x771.png 800w, https:\/\/eneky.fr\/wp-content\/uploads\/2021\/05\/Horizontal_Book_Mockup_CREATIVITE_1-copie-120x116.png 120w, https:\/\/eneky.fr\/wp-content\/uploads\/2021\/05\/Horizontal_Book_Mockup_CREATIVITE_1-copie-81x78.png 81w\" sizes=\"(max-width: 768px) 100vw, 768px\" \/><\/a><\/div><div class=\"blog-text col-md-6 display-table no-padding sm-width-100\"><div class=\"display-table-cell vertical-align-middle\"><div class=\"content sm-no-padding-left \"><a class=\"text-extra-dark-gray margin-5px-bottom alt-font text-extra-large font-weight-600 display-inline-block entry-title\" href=\"https:\/\/eneky.fr\/index.php\/2021\/01\/10\/la-creativite-le-livre\/\">La cr\u00e9ativit\u00e9<\/a><div class=\"no-margin entry-content\">[vc_single_image image=\"23176\" img_size=\"large\" alignment=\"right\" css_animation=\"fadeInLeft\"] DESIGN + P\u00c9DAGOGIE D\u00e9couvrez\u00a0les principes de la cr\u00e9ativit\u00e9 Certaines personnes sont cr\u00e9atives, d'autres sont f\u00e9briles face \u00e0 l'id\u00e9e de proposer de nouvelles choses. La cr\u00e9ativit\u00e9 est souvent interpr\u00e9t\u00e9e comme naturelle, mais nous oublions souvent qu'elle n'est pas due au hasard : elle se cultive, se...<\/div><a href=\"https:\/\/eneky.fr\/index.php\/2021\/01\/10\/la-creativite-le-livre\/\" class=\"btn btn-dark-gray margin-15px-top sm-margin-15px-top white-space-normal btn-very-small\">En savoir plus<\/a><\/div><\/div><\/div><\/div><\/div><\/div><\/div><\/div><\/div><div class=\"wpb_column vc_column_container vc_col-sm-2  col-xs-mobile-fullwidth\"><div class=\"vc_column-inner \"><div class=\"wpb_wrapper\"><\/div><\/div><\/div><\/section>\n","protected":false},"excerpt":{"rendered":"[vc_single_image image=\"23176\" img_size=\"large\" alignment=\"right\" css_animation=\"fadeInLeft\"]DESIGN + P\u00c9DAGOGIE D\u00e9couvrez\u00a0les principes de la cr\u00e9ativit\u00e9 Certaines personnes sont cr\u00e9atives, d'autres sont f\u00e9briles face \u00e0 l'id\u00e9e de proposer de nouvelles choses. La cr\u00e9ativit\u00e9 est souvent interpr\u00e9t\u00e9e comme naturelle, mais nous oublions souvent qu'elle n'est pas due au hasard : elle se cultive, se travaille et se d\u00e9veloppe, qu'importe votre \u00e2ge ! Acheter le livre La cr\u00e9ativit\u00e9 expliqu\u00e9e aux enfants par leurs parents &nbsp; Un livre pour tous Trouver une solution \u00e0 un probl\u00e8me du quotidien ou professionnel, r\u00e9soudre des \u00e9nigmes, s\u2019avoir s'occuper quand on s'ennuie... Nous faisons appel \u00e0 notre cr\u00e9ativit\u00e9 tous les jours, sans nous en rendre compte. Il arrive des situations o\u00f9 l'on se retrouve \"\u00e0 sec\", directement confront\u00e9 \u00e0 la n\u00e9cessit\u00e9 d'avoir de nouvelles id\u00e9es sans \u00eatre capable d'en obtenir sans une d\u00e9marche appropri\u00e9e. \u00c0 l'inverse, la procrastination et le perfectionnisme sont les pi\u00e8ges habituels de ceux qui ont trop d'id\u00e9es, o\u00f9 l'une chasse l'autre sans cesse et sans allez jusqu'au bout d'une seule, o\u00f9 l'on recherche la solution parfaite comme refuge pour \u00e9viter d'avancer et de confronter ses id\u00e9es au monde ext\u00e9rieur. Une approche structur\u00e9e, m\u00eame simple, vous permet d'\u00e9viter ces \u00e9cueils. Ce qu'il raconte Ce livre d\u00e9roule les principaux...","protected":false},"author":1,"featured_media":0,"parent":0,"menu_order":0,"comment_status":"closed","ping_status":"closed","template":"","meta":[],"_links":{"self":[{"href":"https:\/\/eneky.fr\/index.php\/wp-json\/wp\/v2\/pages\/22660"}],"collection":[{"href":"https:\/\/eneky.fr\/index.php\/wp-json\/wp\/v2\/pages"}],"about":[{"href":"https:\/\/eneky.fr\/index.php\/wp-json\/wp\/v2\/types\/page"}],"author":[{"embeddable":true,"href":"https:\/\/eneky.fr\/index.php\/wp-json\/wp\/v2\/users\/1"}],"replies":[{"embeddable":true,"href":"https:\/\/eneky.fr\/index.php\/wp-json\/wp\/v2\/comments?post=22660"}],"version-history":[{"count":12,"href":"https:\/\/eneky.fr\/index.php\/wp-json\/wp\/v2\/pages\/22660\/revisions"}],"predecessor-version":[{"id":23254,"href":"https:\/\/eneky.fr\/index.php\/wp-json\/wp\/v2\/pages\/22660\/revisions\/23254"}],"wp:attachment":[{"href":"https:\/\/eneky.fr\/index.php\/wp-json\/wp\/v2\/media?parent=22660"}],"curies":[{"name":"wp","href":"https:\/\/api.w.org\/{rel}","templated":true}]}}