{"id":22641,"date":"2021-04-24T11:22:37","date_gmt":"2021-04-24T09:22:37","guid":{"rendered":"http:\/\/eneky.fr\/?page_id=22641"},"modified":"2021-08-27T08:28:56","modified_gmt":"2021-08-27T06:28:56","slug":"outils-2","status":"publish","type":"page","link":"https:\/\/eneky.fr\/index.php\/outils-2\/","title":{"rendered":"03-Outils"},"content":{"rendered":"<section data-vc-full-width=\"true\" data-vc-full-width-init=\"false\" class=\"vc_row wpb_row vc_row-fluid big-section vc_custom_1619257256363 wow fadeIn vc_row-has-fill pofo-stretch-content pofo-stretch-row-container pofo-row-responsive-69e759035d64e\"><div class=\"wpb_column vc_column_container vc_col-md-2 vc_hidden-sm col-xs-mobile-fullwidth\"><div class=\"vc_column-inner \"><div class=\"wpb_wrapper\"><\/div><\/div><\/div><div class=\"wpb_column vc_column_container vc_col-has-fill vc_col-sm-12 vc_col-md-8 vc_col-xs-12 text-center\"><div class=\"vc_column-inner vc_custom_1619256864427\"><div class=\"wpb_wrapper\"><h2 class=\"text-extra-dark-gray margin-20px-bottom font-weight-600 display-inline-block alt-font heading-style2  vc_custom_1619256154980  heading-1\"  style=\"letter-spacing: -1px; font-weight: 700;\">OUTILS<\/h2><div class=\" vc_custom_1630045733884 last-paragraph-no-margin pofo-text-block-responsive-69e759035d7a7\" style=\"width: 100%;\"><p>Pour faire \u00e9voluer les pratiques de conception, il faut n\u00e9cessairement en faire \u00e9voluer les outils.<br \/>\n<strong>Voici quelques uns des nos outils pour commencer \u00e0 mettre en oeuvre de nouvelles d\u00e9marches directement dans vos ateliers de travail<\/strong>.<\/p>\n<\/div><\/div><\/div><\/div><div class=\"wpb_column vc_column_container vc_col-md-2 vc_hidden-sm col-xs-mobile-fullwidth\"><div class=\"vc_column-inner \"><div class=\"wpb_wrapper\"><\/div><\/div><\/div><\/section><div class=\"vc_row-full-width vc_clearfix\"><\/div><section class=\"vc_row wpb_row vc_row-fluid  vc_custom_1619257081750\"><div class=\"wpb_column vc_column_container vc_col-sm-2  col-xs-mobile-fullwidth\"><div class=\"vc_column-inner \"><div class=\"wpb_wrapper\"><\/div><\/div><\/div><div class=\"wpb_column vc_column_container vc_col-sm-8  col-xs-mobile-fullwidth\"><div class=\"vc_column-inner \"><div class=\"wpb_wrapper\"><div class=\"pofo-blog-list infinite-scroll-pagination\"><div class=\" blog-single-post post-23403 post type-post status-publish format-standard has-post-thumbnail hentry category-outil-crea category-outils tag-tools\"><div class=\"blog-post blog-post-content margin-60px-bottom padding-60px-bottom border-bottom sm-no-border-bottom border-color-extra-light-gray sm-margin-30px-bottom sm-padding-30px-bottom xs-text-center pull-left width-100 blog-style3-1\"><div class=\"blog-image col-md-5 no-padding sm-margin-30px-bottom xs-margin-20px-bottom margin-30px-right sm-no-margin-right sm-width-100\"><a href=\"https:\/\/eneky.fr\/index.php\/2021\/06\/02\/les-outils-de-la-creativite\/\"><img width=\"768\" height=\"536\" src=\"https:\/\/eneky.fr\/wp-content\/uploads\/2021\/06\/template-creativite-768x536.jpg\" class=\"attachment-medium_large size-medium_large wp-post-image\" alt=\"\" loading=\"lazy\" title=\"\" srcset=\"https:\/\/eneky.fr\/wp-content\/uploads\/2021\/06\/template-creativite-768x536.jpg 768w, https:\/\/eneky.fr\/wp-content\/uploads\/2021\/06\/template-creativite-300x209.jpg 300w, https:\/\/eneky.fr\/wp-content\/uploads\/2021\/06\/template-creativite-1024x714.jpg 1024w, https:\/\/eneky.fr\/wp-content\/uploads\/2021\/06\/template-creativite-1536x1072.jpg 1536w, https:\/\/eneky.fr\/wp-content\/uploads\/2021\/06\/template-creativite-2048x1429.jpg 2048w, https:\/\/eneky.fr\/wp-content\/uploads\/2021\/06\/template-creativite-1105x771.jpg 1105w, https:\/\/eneky.fr\/wp-content\/uploads\/2021\/06\/template-creativite-120x84.jpg 120w, https:\/\/eneky.fr\/wp-content\/uploads\/2021\/06\/template-creativite-81x57.jpg 81w\" sizes=\"(max-width: 768px) 100vw, 768px\" \/><\/a><\/div><div class=\"blog-text col-md-6 display-table no-padding sm-width-100\"><div class=\"display-table-cell vertical-align-middle\"><div class=\"content sm-no-padding-left \"><a class=\"text-extra-dark-gray margin-5px-bottom alt-font text-extra-large font-weight-600 display-inline-block entry-title\" href=\"https:\/\/eneky.fr\/index.php\/2021\/06\/02\/les-outils-de-la-creativite\/\">Les outils de la cr\u00e9ativit\u00e9<\/a><div class=\"no-margin entry-content\">Les outils de la cr\u00e9ativit\u00e9 En compl\u00e9ment du livre La cr\u00e9ativit\u00e9 expliqu\u00e9e aux enfants par leurs parents apprenez les m\u00e9canismes de la cr\u00e9ativit\u00e9. [vc_single_image image=\"23425\" img_size=\"full\"]Rendre la pratique de la cr\u00e9ativit\u00e9 accessible \u00e0 tous apparait comme une \u00e9vidence. Seulement, la cr\u00e9ativit\u00e9 dans sa pratique a besoin d'un cheminement. Pour rendre...<\/div><a href=\"https:\/\/eneky.fr\/index.php\/2021\/06\/02\/les-outils-de-la-creativite\/\" class=\"btn btn-dark-gray margin-15px-top sm-margin-15px-top white-space-normal btn-very-small\">En savoir plus<\/a><\/div><\/div><\/div><\/div><\/div><div class=\" blog-single-post post-23336 post type-post status-publish format-standard has-post-thumbnail hentry category-outil-slow category-outils tag-tools\"><div class=\"blog-post blog-post-content margin-60px-bottom padding-60px-bottom border-bottom sm-no-border-bottom border-color-extra-light-gray sm-margin-30px-bottom sm-padding-30px-bottom xs-text-center pull-left width-100 blog-style3-2\"><div class=\"blog-image col-md-5 no-padding sm-margin-30px-bottom xs-margin-20px-bottom margin-30px-right sm-no-margin-right sm-width-100\"><a href=\"https:\/\/eneky.fr\/index.php\/2019\/05\/05\/slow-concept-analysis-2\/\"><img width=\"768\" height=\"536\" src=\"https:\/\/eneky.fr\/wp-content\/uploads\/2021\/05\/Canvas-SlowConceptAnalysis-768x536.jpg\" class=\"attachment-medium_large size-medium_large wp-post-image\" alt=\"\" loading=\"lazy\" title=\"\" srcset=\"https:\/\/eneky.fr\/wp-content\/uploads\/2021\/05\/Canvas-SlowConceptAnalysis-768x536.jpg 768w, https:\/\/eneky.fr\/wp-content\/uploads\/2021\/05\/Canvas-SlowConceptAnalysis-300x209.jpg 300w, https:\/\/eneky.fr\/wp-content\/uploads\/2021\/05\/Canvas-SlowConceptAnalysis-1024x714.jpg 1024w, https:\/\/eneky.fr\/wp-content\/uploads\/2021\/05\/Canvas-SlowConceptAnalysis-1105x771.jpg 1105w, https:\/\/eneky.fr\/wp-content\/uploads\/2021\/05\/Canvas-SlowConceptAnalysis-120x84.jpg 120w, https:\/\/eneky.fr\/wp-content\/uploads\/2021\/05\/Canvas-SlowConceptAnalysis-81x57.jpg 81w\" sizes=\"(max-width: 768px) 100vw, 768px\" \/><\/a><\/div><div class=\"blog-text col-md-6 display-table no-padding sm-width-100\"><div class=\"display-table-cell vertical-align-middle\"><div class=\"content sm-no-padding-left \"><a class=\"text-extra-dark-gray margin-5px-bottom alt-font text-extra-large font-weight-600 display-inline-block entry-title\" href=\"https:\/\/eneky.fr\/index.php\/2019\/05\/05\/slow-concept-analysis-2\/\">Slow Concept Analysis<\/a><div class=\"no-margin entry-content\">SLOW CONCEPT ANALYSIS Quoi de mieux que de se faire rapidement une id\u00e9e du potentiel de votre concept ? Voil\u00e0 chose ais\u00e9e avec cette grille de lecture, outil id\u00e9al pour qualifier vos id\u00e9es. [vc_single_image image=\"23217\" img_size=\"full\"] \u00c9valuer son concept rapidement Avant de continuer t\u00eate baiss\u00e9e, pensez \u00e0 \u00e9valuer vos concepts...<\/div><a href=\"https:\/\/eneky.fr\/index.php\/2019\/05\/05\/slow-concept-analysis-2\/\" class=\"btn btn-dark-gray margin-15px-top sm-margin-15px-top white-space-normal btn-very-small\">En savoir plus<\/a><\/div><\/div><\/div><\/div><\/div><div class=\" blog-single-post post-23266 post type-post status-publish format-standard has-post-thumbnail hentry category-outil-slow category-outils tag-tools\"><div class=\"blog-post blog-post-content margin-60px-bottom padding-60px-bottom border-bottom sm-no-border-bottom border-color-extra-light-gray sm-margin-30px-bottom sm-padding-30px-bottom xs-text-center pull-left width-100 blog-style3-3\"><div class=\"blog-image col-md-5 no-padding sm-margin-30px-bottom xs-margin-20px-bottom margin-30px-right sm-no-margin-right sm-width-100\"><a href=\"https:\/\/eneky.fr\/index.php\/2019\/01\/04\/playcards-slow-design\/\"><img width=\"768\" height=\"536\" src=\"https:\/\/eneky.fr\/wp-content\/uploads\/2019\/01\/mockup-playcards-SlowDesign-768x536.jpg\" class=\"attachment-medium_large size-medium_large wp-post-image\" alt=\"\" loading=\"lazy\" title=\"\" srcset=\"https:\/\/eneky.fr\/wp-content\/uploads\/2019\/01\/mockup-playcards-SlowDesign-768x536.jpg 768w, https:\/\/eneky.fr\/wp-content\/uploads\/2019\/01\/mockup-playcards-SlowDesign-300x209.jpg 300w, https:\/\/eneky.fr\/wp-content\/uploads\/2019\/01\/mockup-playcards-SlowDesign-1024x714.jpg 1024w, https:\/\/eneky.fr\/wp-content\/uploads\/2019\/01\/mockup-playcards-SlowDesign-1105x771.jpg 1105w, https:\/\/eneky.fr\/wp-content\/uploads\/2019\/01\/mockup-playcards-SlowDesign-120x84.jpg 120w, https:\/\/eneky.fr\/wp-content\/uploads\/2019\/01\/mockup-playcards-SlowDesign-81x57.jpg 81w\" sizes=\"(max-width: 768px) 100vw, 768px\" \/><\/a><\/div><div class=\"blog-text col-md-6 display-table no-padding sm-width-100\"><div class=\"display-table-cell vertical-align-middle\"><div class=\"content sm-no-padding-left \"><a class=\"text-extra-dark-gray margin-5px-bottom alt-font text-extra-large font-weight-600 display-inline-block entry-title\" href=\"https:\/\/eneky.fr\/index.php\/2019\/01\/04\/playcards-slow-design\/\">Playcards Slow Design<\/a><div class=\"no-margin entry-content\">PLAYCARDS Bloqu\u00e9 dans vos r\u00e9flexions pour concevoir slow ? Pas d'inqui\u00e9tudes, voici 76 cartes pour nourrir vos questionnements et enrichir votre cr\u00e9ativit\u00e9. L'outil id\u00e9al pour compl\u00e9ter le Slow Design Canvas. Un must have \u00e0 utiliser pour tous vos ateliers ! [vc_single_image image=\"23268\" img_size=\"full\"]Compl\u00e9ment au Slow Design Canvas, vous y trouverez...<\/div><a href=\"https:\/\/eneky.fr\/index.php\/2019\/01\/04\/playcards-slow-design\/\" class=\"btn btn-dark-gray margin-15px-top sm-margin-15px-top white-space-normal btn-very-small\">En savoir plus<\/a><\/div><\/div><\/div><\/div><\/div><div class=\" blog-single-post post-22531 post type-post status-publish format-standard has-post-thumbnail hentry category-outil-slow category-outils tag-tools\"><div class=\"blog-post blog-post-content margin-60px-bottom padding-60px-bottom border-bottom sm-no-border-bottom border-color-extra-light-gray sm-margin-30px-bottom sm-padding-30px-bottom xs-text-center pull-left width-100 blog-style3-4\"><div class=\"blog-image col-md-5 no-padding sm-margin-30px-bottom xs-margin-20px-bottom margin-30px-right sm-no-margin-right sm-width-100\"><a href=\"https:\/\/eneky.fr\/index.php\/2019\/01\/03\/slowdesignmatrix\/\"><img width=\"768\" height=\"536\" src=\"https:\/\/eneky.fr\/wp-content\/uploads\/2021\/04\/mockup-slowdesignmatrix-blanc-1-768x536.jpg\" class=\"attachment-medium_large size-medium_large wp-post-image\" alt=\"\" loading=\"lazy\" title=\"\" srcset=\"https:\/\/eneky.fr\/wp-content\/uploads\/2021\/04\/mockup-slowdesignmatrix-blanc-1-768x536.jpg 768w, https:\/\/eneky.fr\/wp-content\/uploads\/2021\/04\/mockup-slowdesignmatrix-blanc-1-300x209.jpg 300w, https:\/\/eneky.fr\/wp-content\/uploads\/2021\/04\/mockup-slowdesignmatrix-blanc-1-1024x714.jpg 1024w, https:\/\/eneky.fr\/wp-content\/uploads\/2021\/04\/mockup-slowdesignmatrix-blanc-1-1105x771.jpg 1105w, https:\/\/eneky.fr\/wp-content\/uploads\/2021\/04\/mockup-slowdesignmatrix-blanc-1-120x84.jpg 120w, https:\/\/eneky.fr\/wp-content\/uploads\/2021\/04\/mockup-slowdesignmatrix-blanc-1-81x57.jpg 81w\" sizes=\"(max-width: 768px) 100vw, 768px\" \/><\/a><\/div><div class=\"blog-text col-md-6 display-table no-padding sm-width-100\"><div class=\"display-table-cell vertical-align-middle\"><div class=\"content sm-no-padding-left \"><a class=\"text-extra-dark-gray margin-5px-bottom alt-font text-extra-large font-weight-600 display-inline-block entry-title\" href=\"https:\/\/eneky.fr\/index.php\/2019\/01\/03\/slowdesignmatrix\/\">Slow Design Matrix<\/a><div class=\"no-margin entry-content\">SLOW DESIGN MATRIX L'outil con\u00e7u pour vous permettre d'insuffler les principes du slow dans vos produits, vos services et votre organisation. Il est temps de croiser les approches ! [vc_single_image image=\"22866\" img_size=\"full\"] L'approche Design se structure Mises en oeuvres depuis quelques ann\u00e9es, les m\u00e9thodes du Design Thinking (DT) et du...<\/div><a href=\"https:\/\/eneky.fr\/index.php\/2019\/01\/03\/slowdesignmatrix\/\" class=\"btn btn-dark-gray margin-15px-top sm-margin-15px-top white-space-normal btn-very-small\">En savoir plus<\/a><\/div><\/div><\/div><\/div><\/div><div class=\" blog-single-post post-22999 post type-post status-publish format-standard has-post-thumbnail hentry category-outil-slow category-outils tag-tools\"><div class=\"blog-post blog-post-content margin-60px-bottom padding-60px-bottom border-bottom sm-no-border-bottom border-color-extra-light-gray sm-margin-30px-bottom sm-padding-30px-bottom xs-text-center pull-left width-100 blog-style3-5\"><div class=\"blog-image col-md-5 no-padding sm-margin-30px-bottom xs-margin-20px-bottom margin-30px-right sm-no-margin-right sm-width-100\"><a href=\"https:\/\/eneky.fr\/index.php\/2019\/01\/02\/chaine-de-valeur\/\"><img width=\"768\" height=\"536\" src=\"https:\/\/eneky.fr\/wp-content\/uploads\/2021\/05\/mockup-slowvaluechain-768x536.jpg\" class=\"attachment-medium_large size-medium_large wp-post-image\" alt=\"\" loading=\"lazy\" title=\"\" srcset=\"https:\/\/eneky.fr\/wp-content\/uploads\/2021\/05\/mockup-slowvaluechain-768x536.jpg 768w, https:\/\/eneky.fr\/wp-content\/uploads\/2021\/05\/mockup-slowvaluechain-300x209.jpg 300w, https:\/\/eneky.fr\/wp-content\/uploads\/2021\/05\/mockup-slowvaluechain-1024x714.jpg 1024w, https:\/\/eneky.fr\/wp-content\/uploads\/2021\/05\/mockup-slowvaluechain-1105x771.jpg 1105w, https:\/\/eneky.fr\/wp-content\/uploads\/2021\/05\/mockup-slowvaluechain-120x84.jpg 120w, https:\/\/eneky.fr\/wp-content\/uploads\/2021\/05\/mockup-slowvaluechain-81x57.jpg 81w\" sizes=\"(max-width: 768px) 100vw, 768px\" \/><\/a><\/div><div class=\"blog-text col-md-6 display-table no-padding sm-width-100\"><div class=\"display-table-cell vertical-align-middle\"><div class=\"content sm-no-padding-left \"><a class=\"text-extra-dark-gray margin-5px-bottom alt-font text-extra-large font-weight-600 display-inline-block entry-title\" href=\"https:\/\/eneky.fr\/index.php\/2019\/01\/02\/chaine-de-valeur\/\">Cha\u00eene de valeur<\/a><div class=\"no-margin entry-content\">CHA\u00ceNE DE VALEUR Balayez votre cha\u00eene de valeur pour la nettoyer de ses incoh\u00e9rences et profitez-en pour insuffler de nouvelles pratiques ou formes de valeur align\u00e9es sur la pens\u00e9e slow. [vc_single_image image=\"23002\" img_size=\"full\"] Principe de valeur ajout\u00e9e D\u00e8s qu'une entreprise agit sur un mat\u00e9riau ou pour faire plus simple encore,...<\/div><a href=\"https:\/\/eneky.fr\/index.php\/2019\/01\/02\/chaine-de-valeur\/\" class=\"btn btn-dark-gray margin-15px-top sm-margin-15px-top white-space-normal btn-very-small\">En savoir plus<\/a><\/div><\/div><\/div><\/div><\/div><div class=\" blog-single-post post-22886 post type-post status-publish format-standard has-post-thumbnail hentry category-outil-slow category-outils tag-tools\"><div class=\"blog-post blog-post-content margin-60px-bottom padding-60px-bottom border-bottom sm-no-border-bottom border-color-extra-light-gray sm-margin-30px-bottom sm-padding-30px-bottom xs-text-center pull-left width-100 blog-style3-6\"><div class=\"blog-image col-md-5 no-padding sm-margin-30px-bottom xs-margin-20px-bottom margin-30px-right sm-no-margin-right sm-width-100\"><a href=\"https:\/\/eneky.fr\/index.php\/2019\/01\/01\/proposition-de-valeur-globale\/\"><img width=\"768\" height=\"536\" src=\"https:\/\/eneky.fr\/wp-content\/uploads\/2021\/04\/mockup-PropositionDeValeurGlobale-blanc-768x536.jpg\" class=\"attachment-medium_large size-medium_large wp-post-image\" alt=\"\" loading=\"lazy\" title=\"\" srcset=\"https:\/\/eneky.fr\/wp-content\/uploads\/2021\/04\/mockup-PropositionDeValeurGlobale-blanc-768x536.jpg 768w, https:\/\/eneky.fr\/wp-content\/uploads\/2021\/04\/mockup-PropositionDeValeurGlobale-blanc-300x209.jpg 300w, https:\/\/eneky.fr\/wp-content\/uploads\/2021\/04\/mockup-PropositionDeValeurGlobale-blanc-1024x714.jpg 1024w, https:\/\/eneky.fr\/wp-content\/uploads\/2021\/04\/mockup-PropositionDeValeurGlobale-blanc-1105x771.jpg 1105w, https:\/\/eneky.fr\/wp-content\/uploads\/2021\/04\/mockup-PropositionDeValeurGlobale-blanc-120x84.jpg 120w, https:\/\/eneky.fr\/wp-content\/uploads\/2021\/04\/mockup-PropositionDeValeurGlobale-blanc-81x57.jpg 81w\" sizes=\"(max-width: 768px) 100vw, 768px\" \/><\/a><\/div><div class=\"blog-text col-md-6 display-table no-padding sm-width-100\"><div class=\"display-table-cell vertical-align-middle\"><div class=\"content sm-no-padding-left \"><a class=\"text-extra-dark-gray margin-5px-bottom alt-font text-extra-large font-weight-600 display-inline-block entry-title\" href=\"https:\/\/eneky.fr\/index.php\/2019\/01\/01\/proposition-de-valeur-globale\/\">Proposition de valeur<\/a><div class=\"no-margin entry-content\">PROPOSITION DE VALEUR GLOBALE Apprenez \u00e0 composer et \u00e0 proposer quelque chose qui a de la valeur pour tout votre \u00e9cosyst\u00e8me. [vc_single_image image=\"22887\" img_size=\"full\"]R\u00e9soudre les probl\u00e8mes de vos clients \u00e0 l'aide de votre proposition de valeur est une condition minimum pour avoir une raison d'exister. \u00a0Mais elle n'est plus suffisante...<\/div><a href=\"https:\/\/eneky.fr\/index.php\/2019\/01\/01\/proposition-de-valeur-globale\/\" class=\"btn btn-dark-gray margin-15px-top sm-margin-15px-top white-space-normal btn-very-small\">En savoir plus<\/a><\/div><\/div><\/div><\/div><\/div><\/div><\/div><\/div><\/div><div class=\"wpb_column vc_column_container vc_col-sm-2  col-xs-mobile-fullwidth\"><div class=\"vc_column-inner \"><div class=\"wpb_wrapper\"><\/div><\/div><\/div><\/section>\n","protected":false},"excerpt":{"rendered":"PROPOSITION DE VALEUR GLOBALE Apprenez \u00e0 composer et \u00e0 proposer quelque chose qui a de la valeur pour tout votre \u00e9cosyst\u00e8me. [vc_single_image image=\"22887\" img_size=\"full\"]R\u00e9soudre les probl\u00e8mes de vos clients \u00e0 l'aide de votre proposition de valeur est une condition minimum pour avoir une raison d'exister. \u00a0Mais elle n'est plus suffisante aujourd'hui. Vous devez d\u00e9sormais englober la totalit\u00e9 du probl\u00e8me et sa complexit\u00e9, au travers un \u00e9cosyst\u00e8me d'acteurs complet o\u00f9 tous ont \u00e0 gagner. Proposer un b\u00e9n\u00e9fice au client alors que de l'autre c\u00f4t\u00e9\u00a0quelqu'un le paie de sa personne ou que la plan\u00e8te se voit pill\u00e9e de ses richesses n'est plus une option envisageable. Cependant, nous savons que trouver une bonne solution pour votre client repr\u00e9sente un travail d\u00e9j\u00e0 cons\u00e9quent et compliqu\u00e9. En trouver une satisfaisante pour tout le monde peut \u00eatre finalement pressenti comme vain et complexe. Pour ne pas se perdre, nous avons con\u00e7u le canvas Proposition de Valeur Globale, qui, comme sont nom l'indique, propose un sch\u00e9ma de travail lin\u00e9aire (en 3 \u00e9tapes successives) et cartographique (car il permet de mettre \u00e0 plat les 6 grands acteurs du syst\u00e8me), dont le but est d'arriver \u00e0 une cr\u00e9ation de valeur pour tous. Identifier les probl\u00e8mes et enjeux de chacun...","protected":false},"author":1,"featured_media":0,"parent":0,"menu_order":0,"comment_status":"closed","ping_status":"closed","template":"","meta":[],"_links":{"self":[{"href":"https:\/\/eneky.fr\/index.php\/wp-json\/wp\/v2\/pages\/22641"}],"collection":[{"href":"https:\/\/eneky.fr\/index.php\/wp-json\/wp\/v2\/pages"}],"about":[{"href":"https:\/\/eneky.fr\/index.php\/wp-json\/wp\/v2\/types\/page"}],"author":[{"embeddable":true,"href":"https:\/\/eneky.fr\/index.php\/wp-json\/wp\/v2\/users\/1"}],"replies":[{"embeddable":true,"href":"https:\/\/eneky.fr\/index.php\/wp-json\/wp\/v2\/comments?post=22641"}],"version-history":[{"count":27,"href":"https:\/\/eneky.fr\/index.php\/wp-json\/wp\/v2\/pages\/22641\/revisions"}],"predecessor-version":[{"id":23465,"href":"https:\/\/eneky.fr\/index.php\/wp-json\/wp\/v2\/pages\/22641\/revisions\/23465"}],"wp:attachment":[{"href":"https:\/\/eneky.fr\/index.php\/wp-json\/wp\/v2\/media?parent=22641"}],"curies":[{"name":"wp","href":"https:\/\/api.w.org\/{rel}","templated":true}]}}